{"id":1624,"date":"2022-05-16T07:40:26","date_gmt":"2022-05-16T10:40:26","guid":{"rendered":"https:\/\/www.crescevendas.com\/site\/?page_id=1624"},"modified":"2024-07-02T17:29:02","modified_gmt":"2024-07-02T20:29:02","slug":"fale-com-a-crescevendas-checkin","status":"publish","type":"page","link":"https:\/\/www.crescevendas.com\/site\/fale-com-a-crescevendas-checkin\/","title":{"rendered":"Fale com a CresceVendas &#8211; Checkin"},"content":{"rendered":"\t\t<div data-elementor-type=\"wp-page\" data-elementor-id=\"1624\" class=\"elementor elementor-1624\" data-elementor-post-type=\"page\">\n\t\t\t\t\t\t<section class=\"elementor-section elementor-top-section elementor-element elementor-element-3f80076b elementor-section-boxed elementor-section-height-default elementor-section-height-default\" data-id=\"3f80076b\" data-element_type=\"section\" data-settings=\"{&quot;jet_parallax_layout_list&quot;:[],&quot;background_background&quot;:&quot;gradient&quot;}\">\n\t\t\t\t\t\t<div class=\"elementor-container elementor-column-gap-default\">\n\t\t\t\t\t<div class=\"elementor-column elementor-col-50 elementor-top-column elementor-element elementor-element-2030a222\" data-id=\"2030a222\" data-element_type=\"column\">\n\t\t\t<div class=\"elementor-widget-wrap elementor-element-populated\">\n\t\t\t\t\t\t<div class=\"elementor-element elementor-element-31a42f78 elementor-hidden-phone elementor-widget elementor-widget-spacer\" data-id=\"31a42f78\" data-element_type=\"widget\" data-widget_type=\"spacer.default\">\n\t\t\t\t<div class=\"elementor-widget-container\">\n\t\t\t\t\t\t\t<div class=\"elementor-spacer\">\n\t\t\t<div class=\"elementor-spacer-inner\"><\/div>\n\t\t<\/div>\n\t\t\t\t\t\t<\/div>\n\t\t\t\t<\/div>\n\t\t\t\t<div class=\"elementor-element elementor-element-3acfcb25 elementor-widget elementor-widget-image\" data-id=\"3acfcb25\" data-element_type=\"widget\" data-widget_type=\"image.default\">\n\t\t\t\t<div class=\"elementor-widget-container\">\n\t\t\t\t\t\t\t\t\t\t\t\t\t\t\t<img fetchpriority=\"high\" decoding=\"async\" width=\"656\" height=\"164\" src=\"https:\/\/www.crescevendas.com\/site\/wp-content\/uploads\/2020\/03\/cresce-vendas-logo-marca-retina.png\" class=\"attachment-large size-large wp-image-579\" alt=\"\" srcset=\"https:\/\/www.crescevendas.com\/site\/wp-content\/uploads\/2020\/03\/cresce-vendas-logo-marca-retina.png 656w, https:\/\/www.crescevendas.com\/site\/wp-content\/uploads\/2020\/03\/cresce-vendas-logo-marca-retina-300x75.png 300w, https:\/\/www.crescevendas.com\/site\/wp-content\/uploads\/2020\/03\/cresce-vendas-logo-marca-retina-600x150.png 600w\" sizes=\"(max-width: 656px) 100vw, 656px\" \/>\t\t\t\t\t\t\t\t\t\t\t\t\t\t\t<\/div>\n\t\t\t\t<\/div>\n\t\t\t\t<div class=\"elementor-element elementor-element-5cb091ab elementor-widget elementor-widget-spacer\" data-id=\"5cb091ab\" data-element_type=\"widget\" data-widget_type=\"spacer.default\">\n\t\t\t\t<div class=\"elementor-widget-container\">\n\t\t\t\t\t\t\t<div class=\"elementor-spacer\">\n\t\t\t<div class=\"elementor-spacer-inner\"><\/div>\n\t\t<\/div>\n\t\t\t\t\t\t<\/div>\n\t\t\t\t<\/div>\n\t\t\t\t<div class=\"elementor-element elementor-element-3af5bd1b elementor-hidden-phone elementor-widget elementor-widget-image\" data-id=\"3af5bd1b\" data-element_type=\"widget\" data-widget_type=\"image.default\">\n\t\t\t\t<div class=\"elementor-widget-container\">\n\t\t\t\t\t\t\t\t\t\t\t\t\t\t\t<img decoding=\"async\" width=\"831\" height=\"697\" src=\"https:\/\/www.crescevendas.com\/site\/wp-content\/uploads\/2020\/03\/pciphones.png\" class=\"attachment-large size-large wp-image-305\" alt=\"\" srcset=\"https:\/\/www.crescevendas.com\/site\/wp-content\/uploads\/2020\/03\/pciphones.png 831w, https:\/\/www.crescevendas.com\/site\/wp-content\/uploads\/2020\/03\/pciphones-300x252.png 300w, https:\/\/www.crescevendas.com\/site\/wp-content\/uploads\/2020\/03\/pciphones-768x644.png 768w, https:\/\/www.crescevendas.com\/site\/wp-content\/uploads\/2020\/03\/pciphones-600x503.png 600w\" sizes=\"(max-width: 831px) 100vw, 831px\" \/>\t\t\t\t\t\t\t\t\t\t\t\t\t\t\t<\/div>\n\t\t\t\t<\/div>\n\t\t\t\t<div class=\"elementor-element elementor-element-386d52c3 elementor-hidden-phone elementor-widget elementor-widget-text-editor\" data-id=\"386d52c3\" data-element_type=\"widget\" data-widget_type=\"text-editor.default\">\n\t\t\t\t<div class=\"elementor-widget-container\">\n\t\t\t\t\t\t\t\t\t<p><span style=\"color: #ffffff; font-size: 22px; letter-spacing: normal; text-align: center;\"><b>Solicite uma apresenta\u00e7\u00e3o e descubra como mais de 2.300 lojas j\u00e1 utilizam a CresceVendas para aumentar as vendas, reter e engajar clientes.<\/b><\/span><\/p>\t\t\t\t\t\t\t\t<\/div>\n\t\t\t\t<\/div>\n\t\t\t\t\t<\/div>\n\t\t<\/div>\n\t\t\t\t<div class=\"elementor-column elementor-col-50 elementor-top-column elementor-element elementor-element-4530664b\" data-id=\"4530664b\" data-element_type=\"column\">\n\t\t\t<div class=\"elementor-widget-wrap elementor-element-populated\">\n\t\t\t\t\t\t<section class=\"elementor-section elementor-inner-section elementor-element elementor-element-9ec66e0 elementor-section-boxed elementor-section-height-default elementor-section-height-default\" data-id=\"9ec66e0\" data-element_type=\"section\" data-settings=\"{&quot;background_background&quot;:&quot;classic&quot;,&quot;jet_parallax_layout_list&quot;:[{&quot;_id&quot;:&quot;ddbf8c0&quot;,&quot;jet_parallax_layout_image&quot;:{&quot;url&quot;:&quot;&quot;,&quot;id&quot;:&quot;&quot;,&quot;size&quot;:&quot;&quot;},&quot;jet_parallax_layout_image_tablet&quot;:{&quot;url&quot;:&quot;&quot;,&quot;id&quot;:&quot;&quot;,&quot;size&quot;:&quot;&quot;},&quot;jet_parallax_layout_image_mobile&quot;:{&quot;url&quot;:&quot;&quot;,&quot;id&quot;:&quot;&quot;,&quot;size&quot;:&quot;&quot;},&quot;jet_parallax_layout_speed&quot;:{&quot;unit&quot;:&quot;%&quot;,&quot;size&quot;:50,&quot;sizes&quot;:[]},&quot;jet_parallax_layout_type&quot;:&quot;scroll&quot;,&quot;jet_parallax_layout_direction&quot;:&quot;1&quot;,&quot;jet_parallax_layout_fx_direction&quot;:null,&quot;jet_parallax_layout_z_index&quot;:&quot;&quot;,&quot;jet_parallax_layout_bg_x&quot;:50,&quot;jet_parallax_layout_bg_x_tablet&quot;:&quot;&quot;,&quot;jet_parallax_layout_bg_x_mobile&quot;:&quot;&quot;,&quot;jet_parallax_layout_bg_y&quot;:50,&quot;jet_parallax_layout_bg_y_tablet&quot;:&quot;&quot;,&quot;jet_parallax_layout_bg_y_mobile&quot;:&quot;&quot;,&quot;jet_parallax_layout_bg_size&quot;:&quot;auto&quot;,&quot;jet_parallax_layout_bg_size_tablet&quot;:&quot;&quot;,&quot;jet_parallax_layout_bg_size_mobile&quot;:&quot;&quot;,&quot;jet_parallax_layout_animation_prop&quot;:&quot;transform&quot;,&quot;jet_parallax_layout_on&quot;:[&quot;desktop&quot;,&quot;tablet&quot;]}]}\">\n\t\t\t\t\t\t<div class=\"elementor-container elementor-column-gap-no\">\n\t\t\t\t\t<div class=\"elementor-column elementor-col-100 elementor-inner-column elementor-element elementor-element-0a092f4\" data-id=\"0a092f4\" data-element_type=\"column\">\n\t\t\t<div class=\"elementor-widget-wrap elementor-element-populated\">\n\t\t\t\t\t\t<div class=\"elementor-element elementor-element-5e752b9 elementor-widget elementor-widget-text-editor\" data-id=\"5e752b9\" data-element_type=\"widget\" data-widget_type=\"text-editor.default\">\n\t\t\t\t<div class=\"elementor-widget-container\">\n\t\t\t\t\t\t\t\t\t<p><span style=\"color: #ffffff; font-size: 22px; letter-spacing: normal; text-align: center;\"><b><br>Deixe seus dados para que um de nossos especialistas entre em contato:<\/b><\/span><\/p>\t\t\t\t\t\t\t\t<\/div>\n\t\t\t\t<\/div>\n\t\t\t\t<div class=\"elementor-element elementor-element-02a026a elementor-widget elementor-widget-contact-form-7\" data-id=\"02a026a\" data-element_type=\"widget\" data-widget_type=\"contact-form-7.default\">\n\t\t\t\t<div class=\"elementor-widget-container\">\n\t\t\t\t\t<div class=\"elementor-contact-form-7 jet-elements\">\n<div class=\"wpcf7 no-js\" id=\"wpcf7-f1623-o1\" lang=\"pt-BR\" dir=\"ltr\" data-wpcf7-id=\"1623\">\n<div class=\"screen-reader-response\"><p role=\"status\" aria-live=\"polite\" aria-atomic=\"true\"><\/p> <ul><\/ul><\/div>\n<form action=\"\/site\/wp-json\/wp\/v2\/pages\/1624#wpcf7-f1623-o1\" method=\"post\" class=\"wpcf7-form init\" aria-label=\"Formul\u00e1rios de contato\" novalidate=\"novalidate\" data-status=\"init\">\n<fieldset class=\"hidden-fields-container\"><input type=\"hidden\" name=\"_wpcf7\" value=\"1623\" \/><input type=\"hidden\" name=\"_wpcf7_version\" value=\"6.1.2\" \/><input type=\"hidden\" name=\"_wpcf7_locale\" value=\"pt_BR\" \/><input type=\"hidden\" name=\"_wpcf7_unit_tag\" value=\"wpcf7-f1623-o1\" \/><input type=\"hidden\" name=\"_wpcf7_container_post\" value=\"0\" \/><input type=\"hidden\" name=\"_wpcf7_posted_data_hash\" value=\"\" \/>\n<\/fieldset>\n<p><script>\ndocument.addEventListener( 'wpcf7mailsent', function( event ) {\n location = 'https:\/\/www.crescevendas.com\/site\/obrigado\/';\n}, false );\n<\/script>\n<\/p>\n<p><label> Seu Nome<br \/>\n<span class=\"wpcf7-form-control-wrap\" data-name=\"Seunome\"><input size=\"40\" maxlength=\"400\" class=\"wpcf7-form-control wpcf7-text wpcf7-validates-as-required\" aria-required=\"true\" aria-invalid=\"false\" placeholder=\"\" value=\"\" type=\"text\" name=\"Seunome\" \/><\/span><\/label>\n<\/p>\n<p><label> Seu e-mail<br \/>\n<span class=\"wpcf7-form-control-wrap\" data-name=\"Seu-melhor-e-mail\"><input size=\"40\" maxlength=\"400\" class=\"wpcf7-form-control wpcf7-email wpcf7-validates-as-required wpcf7-text wpcf7-validates-as-email\" aria-required=\"true\" aria-invalid=\"false\" value=\"\" type=\"email\" name=\"Seu-melhor-e-mail\" \/><\/span><\/label>\n<\/p>\n<p><label> Telefone<br \/>\n<span class=\"wpcf7-form-control-wrap\" data-name=\"Telefone\"><input size=\"40\" maxlength=\"400\" class=\"wpcf7-form-control wpcf7-tel wpcf7-validates-as-required wpcf7-text wpcf7-validates-as-tel\" aria-required=\"true\" aria-invalid=\"false\" value=\"DDD + Telefone\" type=\"tel\" name=\"Telefone\" \/><\/span><br \/>\n<\/label><label> Cargo<br \/>\n<span class=\"wpcf7-form-control-wrap\" data-name=\"cargo\"><select class=\"wpcf7-form-control wpcf7-select\" aria-invalid=\"false\" name=\"cargo\"><option value=\"Cargo\">Cargo<\/option><option value=\"S\u00f3cio (a) ou diretor (a)\">S\u00f3cio (a) ou diretor (a)<\/option><option value=\"Marketing\">Marketing<\/option><option value=\"Profissional de TI\">Profissional de TI<\/option><option value=\"Estagi\u00e1rio\">Estagi\u00e1rio<\/option><option value=\"Outros\">Outros<\/option><\/select><\/span><br \/>\n<\/label><label> Empresa<br \/>\n<span class=\"wpcf7-form-control-wrap\" data-name=\"Empresa\"><input size=\"40\" maxlength=\"400\" class=\"wpcf7-form-control wpcf7-text wpcf7-validates-as-required\" aria-required=\"true\" aria-invalid=\"false\" value=\"\" type=\"text\" name=\"Empresa\" \/><\/span><br \/>\n<\/label><label> Como conheceu a Cresce Vendas?<br \/>\n<span class=\"wpcf7-form-control-wrap\" data-name=\"Como\"><select class=\"wpcf7-form-control wpcf7-select\" aria-invalid=\"false\" name=\"Como\"><option value=\"Selecione uma op\u00e7\u00e3o\">Selecione uma op\u00e7\u00e3o<\/option><option value=\"Facebook\">Facebook<\/option><option value=\"Instagram\">Instagram<\/option><option value=\"Google\">Google<\/option><option value=\"Shark Tank\">Shark Tank<\/option><option value=\"Feiras\">Feiras<\/option><option value=\"Outros\">Outros<\/option><\/select><\/span><br \/>\n<\/label><label> Segmento<br \/>\n<span class=\"wpcf7-form-control-wrap\" data-name=\"segmento\"><select class=\"wpcf7-form-control wpcf7-select\" aria-invalid=\"false\" name=\"segmento\"><option value=\"Segmento da sua empresa\">Segmento da sua empresa<\/option><option value=\"Supermercado\">Supermercado<\/option><option value=\"Farm\u00e1cia\">Farm\u00e1cia<\/option><option value=\"Produtos Naturais\">Produtos Naturais<\/option><option value=\"Vestu\u00e1rio\">Vestu\u00e1rio<\/option><option value=\"Perfumaria\">Perfumaria<\/option><option value=\"Utilidades\">Utilidades<\/option><option value=\"Restaurante\">Restaurante<\/option><option value=\"Artigos para festa\">Artigos para festa<\/option><option value=\"Materiais de constru\u00e7\u00e3o\">Materiais de constru\u00e7\u00e3o<\/option><option value=\"Pet Shop\">Pet Shop<\/option><option value=\"Software Houses\">Software Houses<\/option><option value=\"Revenda\">Revenda<\/option><option value=\"Outros\">Outros<\/option><\/select><\/span><br \/>\n<input class=\"wpcf7-form-control wpcf7-submit has-spinner\" type=\"submit\" value=\"Enviar\" \/><\/label>\n<\/p><div class=\"wpcf7-response-output\" aria-hidden=\"true\"><\/div>\n<\/form>\n<\/div>\n<\/div>\t\t\t\t<\/div>\n\t\t\t\t<\/div>\n\t\t\t\t<div class=\"elementor-element elementor-element-b33f1bd elementor-widget elementor-widget-html\" data-id=\"b33f1bd\" data-element_type=\"widget\" data-widget_type=\"html.default\">\n\t\t\t\t<div class=\"elementor-widget-container\">\n\t\t\t\t\t<script type=\"text\/javascript\">\r\n    var __ss_noform = __ss_noform || [];\r\n    __ss_noform.push(['baseURI', 'https:\/\/app-3QNN47TNL2.marketingautomation.services\/webforms\/receivePostback\/MzawMLEwNjAyBAA\/']);\r\n    __ss_noform.push(['endpoint', 'db71a00f-7ecc-4fd0-a63a-9ed3b483bec7']);\r\n<\/script>\r\n<script type=\"text\/javascript\" src=\"https:\/\/koi-3QNN47TNL2.marketingautomation.services\/client\/noform.js?ver=1.24\" ><\/script>\r\n<script>\r\ndocument.addEventListener( 'wpcf7mailsent', function( event ) {\r\n  __ss_noform.push(['submit', null, 'db71a00f-7ecc-4fd0-a63a-9ed3b483bec7']);\r\n}, false );\r\n<\/script>\r\n\r\n\t\t\t\t<\/div>\n\t\t\t\t<\/div>\n\t\t\t\t\t<\/div>\n\t\t<\/div>\n\t\t\t\t\t<\/div>\n\t\t<\/section>\n\t\t\t\t\t<\/div>\n\t\t<\/div>\n\t\t\t\t\t<\/div>\n\t\t<\/section>\n\t\t\t\t<\/div>\n\t\t","protected":false},"excerpt":{"rendered":"<p>Solicite uma apresenta\u00e7\u00e3o e descubra como mais de 2.300 lojas j\u00e1 utilizam a CresceVendas para aumentar as vendas, reter e engajar clientes. Deixe seus dados para que um de nossos especialistas entre em contato: Seu Nome Seu e-mail Telefone Cargo CargoS\u00f3cio (a) ou diretor (a)MarketingProfissional de TIEstagi\u00e1rioOutros Empresa Como conheceu a Cresce Vendas? Selecione uma [&hellip;]<\/p>\n","protected":false},"author":1,"featured_media":0,"parent":0,"menu_order":0,"comment_status":"closed","ping_status":"closed","template":"elementor_canvas","meta":{"footnotes":""},"class_list":["post-1624","page","type-page","status-publish","hentry"],"yoast_head":"<!-- This site is optimized with the Yoast SEO plugin v26.2 - https:\/\/yoast.com\/wordpress\/plugins\/seo\/ -->\n<title>Fale com a CresceVendas - Checkin - CresceVendas - Aumentamos as vendas utilizando algoritmos de an\u00e1lise comportamental dos clientes.<\/title>\n<meta name=\"robots\" content=\"index, follow, max-snippet:-1, max-image-preview:large, max-video-preview:-1\" \/>\n<link rel=\"canonical\" href=\"https:\/\/www.crescevendas.com\/site\/fale-com-a-crescevendas-checkin\/\" \/>\n<meta property=\"og:locale\" content=\"pt_BR\" \/>\n<meta property=\"og:type\" content=\"article\" \/>\n<meta property=\"og:title\" content=\"Fale com a CresceVendas - Checkin - CresceVendas - Aumentamos as vendas utilizando algoritmos de an\u00e1lise comportamental dos clientes.\" \/>\n<meta property=\"og:description\" content=\"Solicite uma apresenta\u00e7\u00e3o e descubra como mais de 2.300 lojas j\u00e1 utilizam a CresceVendas para aumentar as vendas, reter e engajar clientes. Deixe seus dados para que um de nossos especialistas entre em contato: Seu Nome Seu e-mail Telefone Cargo CargoS\u00f3cio (a) ou diretor (a)MarketingProfissional de TIEstagi\u00e1rioOutros Empresa Como conheceu a Cresce Vendas? Selecione uma [&hellip;]\" \/>\n<meta property=\"og:url\" content=\"https:\/\/www.crescevendas.com\/site\/fale-com-a-crescevendas-checkin\/\" \/>\n<meta property=\"og:site_name\" content=\"CresceVendas - Aumentamos as vendas utilizando algoritmos de an\u00e1lise comportamental dos clientes.\" \/>\n<meta property=\"article:publisher\" content=\"https:\/\/www.facebook.com\/CresceVendasBrasil\" \/>\n<meta property=\"article:modified_time\" content=\"2024-07-02T20:29:02+00:00\" \/>\n<meta property=\"og:image\" content=\"https:\/\/www.crescevendas.com\/site\/wp-content\/uploads\/2020\/03\/cresce-vendas-logo-marca-retina.png\" \/>\n<meta name=\"twitter:card\" content=\"summary_large_image\" \/>\n<script type=\"application\/ld+json\" class=\"yoast-schema-graph\">{\"@context\":\"https:\/\/schema.org\",\"@graph\":[{\"@type\":\"WebPage\",\"@id\":\"https:\/\/www.crescevendas.com\/site\/fale-com-a-crescevendas-checkin\/\",\"url\":\"https:\/\/www.crescevendas.com\/site\/fale-com-a-crescevendas-checkin\/\",\"name\":\"Fale com a CresceVendas - Checkin - CresceVendas - Aumentamos as vendas utilizando algoritmos de an\u00e1lise comportamental dos clientes.\",\"isPartOf\":{\"@id\":\"https:\/\/www.crescevendas.com\/site\/#website\"},\"primaryImageOfPage\":{\"@id\":\"https:\/\/www.crescevendas.com\/site\/fale-com-a-crescevendas-checkin\/#primaryimage\"},\"image\":{\"@id\":\"https:\/\/www.crescevendas.com\/site\/fale-com-a-crescevendas-checkin\/#primaryimage\"},\"thumbnailUrl\":\"https:\/\/www.crescevendas.com\/site\/wp-content\/uploads\/2020\/03\/cresce-vendas-logo-marca-retina.png\",\"datePublished\":\"2022-05-16T10:40:26+00:00\",\"dateModified\":\"2024-07-02T20:29:02+00:00\",\"breadcrumb\":{\"@id\":\"https:\/\/www.crescevendas.com\/site\/fale-com-a-crescevendas-checkin\/#breadcrumb\"},\"inLanguage\":\"pt-BR\",\"potentialAction\":[{\"@type\":\"ReadAction\",\"target\":[\"https:\/\/www.crescevendas.com\/site\/fale-com-a-crescevendas-checkin\/\"]}]},{\"@type\":\"ImageObject\",\"inLanguage\":\"pt-BR\",\"@id\":\"https:\/\/www.crescevendas.com\/site\/fale-com-a-crescevendas-checkin\/#primaryimage\",\"url\":\"https:\/\/www.crescevendas.com\/site\/wp-content\/uploads\/2020\/03\/cresce-vendas-logo-marca-retina.png\",\"contentUrl\":\"https:\/\/www.crescevendas.com\/site\/wp-content\/uploads\/2020\/03\/cresce-vendas-logo-marca-retina.png\",\"width\":656,\"height\":164},{\"@type\":\"BreadcrumbList\",\"@id\":\"https:\/\/www.crescevendas.com\/site\/fale-com-a-crescevendas-checkin\/#breadcrumb\",\"itemListElement\":[{\"@type\":\"ListItem\",\"position\":1,\"name\":\"In\u00edcio\",\"item\":\"https:\/\/www.crescevendas.com\/site\/\"},{\"@type\":\"ListItem\",\"position\":2,\"name\":\"Fale com a CresceVendas &#8211; Checkin\"}]},{\"@type\":\"WebSite\",\"@id\":\"https:\/\/www.crescevendas.com\/site\/#website\",\"url\":\"https:\/\/www.crescevendas.com\/site\/\",\"name\":\"CresceVendas - Aumentamos as vendas utilizando algoritmos de an\u00e1lise comportamental dos clientes.\",\"description\":\"Solu\u00e7\u00e3o completa para gest\u00e3o inteligente da sua base de clientes.\",\"publisher\":{\"@id\":\"https:\/\/www.crescevendas.com\/site\/#organization\"},\"potentialAction\":[{\"@type\":\"SearchAction\",\"target\":{\"@type\":\"EntryPoint\",\"urlTemplate\":\"https:\/\/www.crescevendas.com\/site\/?s={search_term_string}\"},\"query-input\":{\"@type\":\"PropertyValueSpecification\",\"valueRequired\":true,\"valueName\":\"search_term_string\"}}],\"inLanguage\":\"pt-BR\"},{\"@type\":\"Organization\",\"@id\":\"https:\/\/www.crescevendas.com\/site\/#organization\",\"name\":\"Cresce Vendas\",\"url\":\"https:\/\/www.crescevendas.com\/site\/\",\"logo\":{\"@type\":\"ImageObject\",\"inLanguage\":\"pt-BR\",\"@id\":\"https:\/\/www.crescevendas.com\/site\/#\/schema\/logo\/image\/\",\"url\":\"https:\/\/www.crescevendas.com\/site\/wp-content\/uploads\/2020\/03\/cresce-vendas-azul.logo-marca.png\",\"contentUrl\":\"https:\/\/www.crescevendas.com\/site\/wp-content\/uploads\/2020\/03\/cresce-vendas-azul.logo-marca.png\",\"width\":362,\"height\":72,\"caption\":\"Cresce Vendas\"},\"image\":{\"@id\":\"https:\/\/www.crescevendas.com\/site\/#\/schema\/logo\/image\/\"},\"sameAs\":[\"https:\/\/www.facebook.com\/CresceVendasBrasil\",\"https:\/\/www.instagram.com\/crescevendas\/\",\"https:\/\/www.linkedin.com\/company\/cresce-vendas\/\",\"https:\/\/www.youtube.com\/channel\/UCIcNAXjGeEe2_Q3oTHPtIBQ\/featured\"]}]}<\/script>\n<!-- \/ Yoast SEO plugin. -->","yoast_head_json":{"title":"Fale com a CresceVendas - Checkin - CresceVendas - Aumentamos as vendas utilizando algoritmos de an\u00e1lise comportamental dos clientes.","robots":{"index":"index","follow":"follow","max-snippet":"max-snippet:-1","max-image-preview":"max-image-preview:large","max-video-preview":"max-video-preview:-1"},"canonical":"https:\/\/www.crescevendas.com\/site\/fale-com-a-crescevendas-checkin\/","og_locale":"pt_BR","og_type":"article","og_title":"Fale com a CresceVendas - Checkin - CresceVendas - Aumentamos as vendas utilizando algoritmos de an\u00e1lise comportamental dos clientes.","og_description":"Solicite uma apresenta\u00e7\u00e3o e descubra como mais de 2.300 lojas j\u00e1 utilizam a CresceVendas para aumentar as vendas, reter e engajar clientes. Deixe seus dados para que um de nossos especialistas entre em contato: Seu Nome Seu e-mail Telefone Cargo CargoS\u00f3cio (a) ou diretor (a)MarketingProfissional de TIEstagi\u00e1rioOutros Empresa Como conheceu a Cresce Vendas? Selecione uma [&hellip;]","og_url":"https:\/\/www.crescevendas.com\/site\/fale-com-a-crescevendas-checkin\/","og_site_name":"CresceVendas - Aumentamos as vendas utilizando algoritmos de an\u00e1lise comportamental dos clientes.","article_publisher":"https:\/\/www.facebook.com\/CresceVendasBrasil","article_modified_time":"2024-07-02T20:29:02+00:00","og_image":[{"url":"https:\/\/www.crescevendas.com\/site\/wp-content\/uploads\/2020\/03\/cresce-vendas-logo-marca-retina.png","type":"","width":"","height":""}],"twitter_card":"summary_large_image","schema":{"@context":"https:\/\/schema.org","@graph":[{"@type":"WebPage","@id":"https:\/\/www.crescevendas.com\/site\/fale-com-a-crescevendas-checkin\/","url":"https:\/\/www.crescevendas.com\/site\/fale-com-a-crescevendas-checkin\/","name":"Fale com a CresceVendas - Checkin - CresceVendas - Aumentamos as vendas utilizando algoritmos de an\u00e1lise comportamental dos clientes.","isPartOf":{"@id":"https:\/\/www.crescevendas.com\/site\/#website"},"primaryImageOfPage":{"@id":"https:\/\/www.crescevendas.com\/site\/fale-com-a-crescevendas-checkin\/#primaryimage"},"image":{"@id":"https:\/\/www.crescevendas.com\/site\/fale-com-a-crescevendas-checkin\/#primaryimage"},"thumbnailUrl":"https:\/\/www.crescevendas.com\/site\/wp-content\/uploads\/2020\/03\/cresce-vendas-logo-marca-retina.png","datePublished":"2022-05-16T10:40:26+00:00","dateModified":"2024-07-02T20:29:02+00:00","breadcrumb":{"@id":"https:\/\/www.crescevendas.com\/site\/fale-com-a-crescevendas-checkin\/#breadcrumb"},"inLanguage":"pt-BR","potentialAction":[{"@type":"ReadAction","target":["https:\/\/www.crescevendas.com\/site\/fale-com-a-crescevendas-checkin\/"]}]},{"@type":"ImageObject","inLanguage":"pt-BR","@id":"https:\/\/www.crescevendas.com\/site\/fale-com-a-crescevendas-checkin\/#primaryimage","url":"https:\/\/www.crescevendas.com\/site\/wp-content\/uploads\/2020\/03\/cresce-vendas-logo-marca-retina.png","contentUrl":"https:\/\/www.crescevendas.com\/site\/wp-content\/uploads\/2020\/03\/cresce-vendas-logo-marca-retina.png","width":656,"height":164},{"@type":"BreadcrumbList","@id":"https:\/\/www.crescevendas.com\/site\/fale-com-a-crescevendas-checkin\/#breadcrumb","itemListElement":[{"@type":"ListItem","position":1,"name":"In\u00edcio","item":"https:\/\/www.crescevendas.com\/site\/"},{"@type":"ListItem","position":2,"name":"Fale com a CresceVendas &#8211; Checkin"}]},{"@type":"WebSite","@id":"https:\/\/www.crescevendas.com\/site\/#website","url":"https:\/\/www.crescevendas.com\/site\/","name":"CresceVendas - Aumentamos as vendas utilizando algoritmos de an\u00e1lise comportamental dos clientes.","description":"Solu\u00e7\u00e3o completa para gest\u00e3o inteligente da sua base de clientes.","publisher":{"@id":"https:\/\/www.crescevendas.com\/site\/#organization"},"potentialAction":[{"@type":"SearchAction","target":{"@type":"EntryPoint","urlTemplate":"https:\/\/www.crescevendas.com\/site\/?s={search_term_string}"},"query-input":{"@type":"PropertyValueSpecification","valueRequired":true,"valueName":"search_term_string"}}],"inLanguage":"pt-BR"},{"@type":"Organization","@id":"https:\/\/www.crescevendas.com\/site\/#organization","name":"Cresce Vendas","url":"https:\/\/www.crescevendas.com\/site\/","logo":{"@type":"ImageObject","inLanguage":"pt-BR","@id":"https:\/\/www.crescevendas.com\/site\/#\/schema\/logo\/image\/","url":"https:\/\/www.crescevendas.com\/site\/wp-content\/uploads\/2020\/03\/cresce-vendas-azul.logo-marca.png","contentUrl":"https:\/\/www.crescevendas.com\/site\/wp-content\/uploads\/2020\/03\/cresce-vendas-azul.logo-marca.png","width":362,"height":72,"caption":"Cresce Vendas"},"image":{"@id":"https:\/\/www.crescevendas.com\/site\/#\/schema\/logo\/image\/"},"sameAs":["https:\/\/www.facebook.com\/CresceVendasBrasil","https:\/\/www.instagram.com\/crescevendas\/","https:\/\/www.linkedin.com\/company\/cresce-vendas\/","https:\/\/www.youtube.com\/channel\/UCIcNAXjGeEe2_Q3oTHPtIBQ\/featured"]}]}},"_links":{"self":[{"href":"https:\/\/www.crescevendas.com\/site\/wp-json\/wp\/v2\/pages\/1624","targetHints":{"allow":["GET"]}}],"collection":[{"href":"https:\/\/www.crescevendas.com\/site\/wp-json\/wp\/v2\/pages"}],"about":[{"href":"https:\/\/www.crescevendas.com\/site\/wp-json\/wp\/v2\/types\/page"}],"author":[{"embeddable":true,"href":"https:\/\/www.crescevendas.com\/site\/wp-json\/wp\/v2\/users\/1"}],"replies":[{"embeddable":true,"href":"https:\/\/www.crescevendas.com\/site\/wp-json\/wp\/v2\/comments?post=1624"}],"version-history":[{"count":13,"href":"https:\/\/www.crescevendas.com\/site\/wp-json\/wp\/v2\/pages\/1624\/revisions"}],"predecessor-version":[{"id":1690,"href":"https:\/\/www.crescevendas.com\/site\/wp-json\/wp\/v2\/pages\/1624\/revisions\/1690"}],"wp:attachment":[{"href":"https:\/\/www.crescevendas.com\/site\/wp-json\/wp\/v2\/media?parent=1624"}],"curies":[{"name":"wp","href":"https:\/\/api.w.org\/{rel}","templated":true}]}}